{"id":1183,"date":"2024-08-29T02:42:53","date_gmt":"2024-08-29T06:42:53","guid":{"rendered":"https:\/\/www.aluetta.ca\/contact-us\/"},"modified":"2024-09-16T11:46:57","modified_gmt":"2024-09-16T15:46:57","slug":"contact-us","status":"publish","type":"page","link":"https:\/\/www.aluetta.ca\/fr\/contact-us\/","title":{"rendered":"Nous joindre"},"content":{"rendered":"\n<p class=\"has-blue-color has-text-color has-link-color wp-elements-ea1e32cb59050e594ffe717ef3d9101e\"><strong>Pour plus de renseignements, s\u2019adresser \u00e0&nbsp;:<\/strong><\/p>\n\n\n\n<p>EMD Serono, A Division of EMD Inc., Canada<br>Filiale de Merck KGaA, Darmstadt, Allemagne<br>2695 North Sheridan Way, Suite 200<br>Mississauga, ON, Canada L5K 2N6<br><a href=\"https:\/\/www.emdserono.ca\/\" target=\"_blank\" rel=\"noreferrer noopener\"><strong>www.emdserono.ca<\/strong><\/a><br>1-888-677-3243<\/p>\n\n\n\n<p>Vous pouvez joindre les infirmi\u00e8res et les agents sp\u00e9cialis\u00e9s du Programme de soutien aux patients Momentum au <strong class=\"has-blue-color text-nowrap\">1-877-724-9361<\/strong>.<\/p>\n","protected":false},"excerpt":{"rendered":"<p>Pour plus de renseignements, s\u2019adresser \u00e0&nbsp;: EMD Serono, A Division of EMD Inc., CanadaFiliale de Merck KGaA, Darmstadt, Allemagne2695 North&#8230;<\/p>\n","protected":false},"author":1,"featured_media":0,"parent":0,"menu_order":0,"comment_status":"closed","ping_status":"closed","template":"page-simple.php","meta":{"_acf_changed":false,"footnotes":""},"class_list":["post-1183","page","type-page","status-publish","hentry"],"acf":[],"yoast_head":"<!-- This site is optimized with the Yoast SEO plugin v27.3 - https:\/\/yoast.com\/product\/yoast-seo-wordpress\/ -->\n<title>Nous joindre | aluetta<\/title>\n<meta name=\"description\" content=\"Coordonn\u00e9es d\u2019EMD Serono avec adresse, site Web et num\u00e9ro de t\u00e9l\u00e9phone. Num\u00e9ro de t\u00e9l\u00e9phone suppl\u00e9mentaire pour le programme de soutien aux patients Momentum.\" \/>\n<meta name=\"robots\" content=\"index, follow, max-snippet:-1, max-image-preview:large, max-video-preview:-1\" \/>\n<link rel=\"canonical\" href=\"https:\/\/www.aluetta.ca\/fr\/contact-us\/\" \/>\n<meta property=\"og:locale\" content=\"fr_FR\" \/>\n<meta property=\"og:type\" content=\"article\" \/>\n<meta property=\"og:title\" content=\"Nous joindre | aluetta\" \/>\n<meta property=\"og:description\" content=\"Coordonn\u00e9es d\u2019EMD Serono avec adresse, site Web et num\u00e9ro de t\u00e9l\u00e9phone. Num\u00e9ro de t\u00e9l\u00e9phone suppl\u00e9mentaire pour le programme de soutien aux patients Momentum.\" \/>\n<meta property=\"og:url\" content=\"https:\/\/www.aluetta.ca\/fr\/contact-us\/\" \/>\n<meta property=\"og:site_name\" content=\"aluetta\" \/>\n<meta property=\"article:modified_time\" content=\"2024-09-16T15:46:57+00:00\" \/>\n<meta name=\"twitter:card\" content=\"summary_large_image\" \/>\n<meta name=\"twitter:label1\" content=\"Dur\u00e9e de lecture estim\u00e9e\" \/>\n\t<meta name=\"twitter:data1\" content=\"1 minute\" \/>\n<script type=\"application\/ld+json\" class=\"yoast-schema-graph\">{\"@context\":\"https:\\\/\\\/schema.org\",\"@graph\":[{\"@type\":\"WebPage\",\"@id\":\"https:\\\/\\\/www.aluetta.ca\\\/fr\\\/contact-us\\\/\",\"url\":\"https:\\\/\\\/www.aluetta.ca\\\/fr\\\/contact-us\\\/\",\"name\":\"Nous joindre | aluetta\",\"isPartOf\":{\"@id\":\"https:\\\/\\\/www.aluetta.ca\\\/fr\\\/#website\"},\"datePublished\":\"2024-08-29T06:42:53+00:00\",\"dateModified\":\"2024-09-16T15:46:57+00:00\",\"description\":\"Coordonn\u00e9es d\u2019EMD Serono avec adresse, site Web et num\u00e9ro de t\u00e9l\u00e9phone. Num\u00e9ro de t\u00e9l\u00e9phone suppl\u00e9mentaire pour le programme de soutien aux patients Momentum.\",\"breadcrumb\":{\"@id\":\"https:\\\/\\\/www.aluetta.ca\\\/fr\\\/contact-us\\\/#breadcrumb\"},\"inLanguage\":\"fr-FR\",\"potentialAction\":[{\"@type\":\"ReadAction\",\"target\":[\"https:\\\/\\\/www.aluetta.ca\\\/fr\\\/contact-us\\\/\"]}]},{\"@type\":\"BreadcrumbList\",\"@id\":\"https:\\\/\\\/www.aluetta.ca\\\/fr\\\/contact-us\\\/#breadcrumb\",\"itemListElement\":[{\"@type\":\"ListItem\",\"position\":1,\"name\":\"Home\",\"item\":\"https:\\\/\\\/www.aluetta.ca\\\/fr\\\/\"},{\"@type\":\"ListItem\",\"position\":2,\"name\":\"Nous joindre\"}]},{\"@type\":\"WebSite\",\"@id\":\"https:\\\/\\\/www.aluetta.ca\\\/fr\\\/#website\",\"url\":\"https:\\\/\\\/www.aluetta.ca\\\/fr\\\/\",\"name\":\"aluetta\",\"description\":\"\",\"potentialAction\":[{\"@type\":\"SearchAction\",\"target\":{\"@type\":\"EntryPoint\",\"urlTemplate\":\"https:\\\/\\\/www.aluetta.ca\\\/fr\\\/?s={search_term_string}\"},\"query-input\":{\"@type\":\"PropertyValueSpecification\",\"valueRequired\":true,\"valueName\":\"search_term_string\"}}],\"inLanguage\":\"fr-FR\"}]}<\/script>\n<!-- \/ Yoast SEO plugin. -->","yoast_head_json":{"title":"Nous joindre | aluetta","description":"Coordonn\u00e9es d\u2019EMD Serono avec adresse, site Web et num\u00e9ro de t\u00e9l\u00e9phone. Num\u00e9ro de t\u00e9l\u00e9phone suppl\u00e9mentaire pour le programme de soutien aux patients Momentum.","robots":{"index":"index","follow":"follow","max-snippet":"max-snippet:-1","max-image-preview":"max-image-preview:large","max-video-preview":"max-video-preview:-1"},"canonical":"https:\/\/www.aluetta.ca\/fr\/contact-us\/","og_locale":"fr_FR","og_type":"article","og_title":"Nous joindre | aluetta","og_description":"Coordonn\u00e9es d\u2019EMD Serono avec adresse, site Web et num\u00e9ro de t\u00e9l\u00e9phone. Num\u00e9ro de t\u00e9l\u00e9phone suppl\u00e9mentaire pour le programme de soutien aux patients Momentum.","og_url":"https:\/\/www.aluetta.ca\/fr\/contact-us\/","og_site_name":"aluetta","article_modified_time":"2024-09-16T15:46:57+00:00","twitter_card":"summary_large_image","twitter_misc":{"Dur\u00e9e de lecture estim\u00e9e":"1 minute"},"schema":{"@context":"https:\/\/schema.org","@graph":[{"@type":"WebPage","@id":"https:\/\/www.aluetta.ca\/fr\/contact-us\/","url":"https:\/\/www.aluetta.ca\/fr\/contact-us\/","name":"Nous joindre | aluetta","isPartOf":{"@id":"https:\/\/www.aluetta.ca\/fr\/#website"},"datePublished":"2024-08-29T06:42:53+00:00","dateModified":"2024-09-16T15:46:57+00:00","description":"Coordonn\u00e9es d\u2019EMD Serono avec adresse, site Web et num\u00e9ro de t\u00e9l\u00e9phone. Num\u00e9ro de t\u00e9l\u00e9phone suppl\u00e9mentaire pour le programme de soutien aux patients Momentum.","breadcrumb":{"@id":"https:\/\/www.aluetta.ca\/fr\/contact-us\/#breadcrumb"},"inLanguage":"fr-FR","potentialAction":[{"@type":"ReadAction","target":["https:\/\/www.aluetta.ca\/fr\/contact-us\/"]}]},{"@type":"BreadcrumbList","@id":"https:\/\/www.aluetta.ca\/fr\/contact-us\/#breadcrumb","itemListElement":[{"@type":"ListItem","position":1,"name":"Home","item":"https:\/\/www.aluetta.ca\/fr\/"},{"@type":"ListItem","position":2,"name":"Nous joindre"}]},{"@type":"WebSite","@id":"https:\/\/www.aluetta.ca\/fr\/#website","url":"https:\/\/www.aluetta.ca\/fr\/","name":"aluetta","description":"","potentialAction":[{"@type":"SearchAction","target":{"@type":"EntryPoint","urlTemplate":"https:\/\/www.aluetta.ca\/fr\/?s={search_term_string}"},"query-input":{"@type":"PropertyValueSpecification","valueRequired":true,"valueName":"search_term_string"}}],"inLanguage":"fr-FR"}]}},"_links":{"self":[{"href":"https:\/\/www.aluetta.ca\/fr\/wp-json\/wp\/v2\/pages\/1183","targetHints":{"allow":["GET"]}}],"collection":[{"href":"https:\/\/www.aluetta.ca\/fr\/wp-json\/wp\/v2\/pages"}],"about":[{"href":"https:\/\/www.aluetta.ca\/fr\/wp-json\/wp\/v2\/types\/page"}],"author":[{"embeddable":true,"href":"https:\/\/www.aluetta.ca\/fr\/wp-json\/wp\/v2\/users\/1"}],"replies":[{"embeddable":true,"href":"https:\/\/www.aluetta.ca\/fr\/wp-json\/wp\/v2\/comments?post=1183"}],"version-history":[{"count":5,"href":"https:\/\/www.aluetta.ca\/fr\/wp-json\/wp\/v2\/pages\/1183\/revisions"}],"predecessor-version":[{"id":1488,"href":"https:\/\/www.aluetta.ca\/fr\/wp-json\/wp\/v2\/pages\/1183\/revisions\/1488"}],"wp:attachment":[{"href":"https:\/\/www.aluetta.ca\/fr\/wp-json\/wp\/v2\/media?parent=1183"}],"curies":[{"name":"wp","href":"https:\/\/api.w.org\/{rel}","templated":true}]}}